{"id":7791,"date":"2019-04-08T14:18:37","date_gmt":"2019-04-08T14:18:37","guid":{"rendered":"https:\/\/www.civile.es\/rodape\/"},"modified":"2026-04-13T10:54:22","modified_gmt":"2026-04-13T10:54:22","slug":"rodape","status":"publish","type":"page","link":"https:\/\/www.civile.es\/pt-pt\/rodape\/","title":{"rendered":"Rodap\u00e9"},"content":{"rendered":"<p>[vc_row dfd_overlay_color=&#8221;#ffffff&#8221; dfd_overlay_pattern_opacity=&#8221;&#8221; css=&#8221;.vc_custom_1676569971373{background-color: #ffffff !important;}&#8221;][vc_column col_shadow=&#8221;box_shadow_enable:disable|shadow_horizontal:0|shadow_vertical:15|shadow_blur:50|shadow_spread:0|box_shadow_color:rgba(0%2C0%2C0%2C.35)&#8221; col_shadow_hover=&#8221;box_shadow_enable:disable|shadow_horizontal:0|shadow_vertical:15|shadow_blur:50|shadow_spread:0|box_shadow_color:rgba(0%2C0%2C0%2C.35)&#8221;]<div class=\"dfd-delimier-main-wrapper cr-animate-gen \" data-animate-type = \"transition.slideUpBigIn\" ><div id=\"dfd-delimiter-69e1223b2f4f8-9308\"  class=\"dfd-delimier-wrapper dfd-delimiter-with-line \"  style='text-align:left; ' ><span><span class=\"line\" style=\"border-bottom-color:#c9c9c9;border-bottom-width:1px; border-bottom-style:solid; \"><\/span><\/span><\/div><\/div>[vc_single_image image=&#8221;7953&#8243; img_size=&#8221;full&#8221; alignment=&#8221;center&#8221; onclick=&#8221;custom_link&#8221; link=&#8221;https:\/\/www.civile.es\/pt-pt\/beneficiario-do-fundo-europeu-de-desenvolvimento-regional\/&#8221;][vc_column_text]<\/p>\n<h6><span style=\"color: #999999;\">A CIVILE ICF SOCIEDAD LIMITADA tem sido benefici\u00e1ria de Fundos Europeus, cujo objetivo \u00e9 melhorar a competitividade das PME, e gra\u00e7as aos quais lan\u00e7ou um Plano de A\u00e7\u00e3o com o objetivo de promover a utiliza\u00e7\u00e3o segura e fi\u00e1vel do ciberespa\u00e7o e a competitividade das PME durante o ano de 2025. Para o efeito, conta com o apoio do Programa PME Cybersecure da C\u00e2mara de Com\u00e9rcio de Sevilha. <\/span><\/h6>\n<h6 style=\"text-align: center;\"><span style=\"color: #808080;\">#EuropaSeSiente<\/span><\/h6>\n<p>[\/vc_column_text][vc_single_image image=&#8221;8020&#8243; img_size=&#8221;medium&#8221; alignment=&#8221;center&#8221; onclick=&#8221;custom_link&#8221; link=&#8221;https:\/\/www.civile.es\/pt-pt\/beneficiario-do-fundo-europeu-de-desenvolvimento-regional\/&#8221;]<div class=\"dfd-spacer-module\"  data-units=\"px\" data-wide_resolution=\"1280\" data-wide_size=\"30\" data-normal_resolution=\"1024\" data-normal_size=\"30\" data-tablet_resolution=\"800\" data-tablet_size=\"30\" data-mobile_resolution=\"480\" data-mobile_size=\"30\" style=\"height: 30px;\"><\/div>[\/vc_column][\/vc_row][vc_row bg_check=&#8221;row-background-dark&#8221; dfd_enable_overlay=&#8221;&#8221; dfd_row_responsive_enable=&#8221;dfd-row-responsive-enable&#8221; responsive_styles=&#8221;padding_left_tablet:10|padding_right_tablet:10|padding_left_mobile:10|padding_right_mobile:10&#8243; css=&#8221;.vc_custom_1674150143109{background-color: #005b9a !important;}&#8221;][vc_column dfd_column_responsive_enable=&#8221;dfd-column-responsive-enable&#8221; col_shadow=&#8221;box_shadow_enable:disable|shadow_horizontal:0|shadow_vertical:15|shadow_blur:50|shadow_spread:0|box_shadow_color:rgba(0%2C0%2C0%2C0.35)&#8221; col_shadow_hover=&#8221;box_shadow_enable:disable|shadow_horizontal:0|shadow_vertical:15|shadow_blur:50|shadow_spread:0|box_shadow_color:rgba(0%2C0%2C0%2C0.35)&#8221; responsive_styles=&#8221;padding_left_desktop:20|padding_right_desktop:20&#8243;]<div class=\"dfd-spacer-module\"  data-units=\"px\" data-wide_resolution=\"1280\" data-wide_size=\"60\" data-normal_resolution=\"1024\" data-normal_size=\"60\" data-tablet_resolution=\"800\" data-tablet_size=\"60\" data-mobile_resolution=\"480\" data-mobile_size=\"30\" style=\"height: 60px;\"><\/div>[vc_row_inner][vc_column_inner width=&#8221;3\/12&#8243; col_inner_shadow=&#8221;box_shadow_enable:disable|shadow_horizontal:0|shadow_vertical:15|shadow_blur:50|shadow_spread:0|box_shadow_color:rgba(0%2C0%2C0%2C0.35)&#8221; col_inner_shadow_hover=&#8221;box_shadow_enable:disable|shadow_horizontal:0|shadow_vertical:15|shadow_blur:50|shadow_spread:0|box_shadow_color:rgba(0%2C0%2C0%2C0.35)&#8221;]<div class=\"dfd-spacer-module\"  data-units=\"px\" data-wide_resolution=\"1280\" data-wide_size=\"40\" data-normal_resolution=\"1024\" data-normal_size=\"40\" data-tablet_resolution=\"800\" data-tablet_size=\"40\" data-mobile_resolution=\"480\" data-mobile_size=\"0\" style=\"height: 40px;\"><\/div><div id=\"dfd-icon-list-69e1223b2f5e8-4425\" class=\"dfd-icon-list-wrap  style-1   cr-animate-gen\" data-animate-item=\".dfd-list-content\" data-animate-type=\"transition.slideUpBigIn\" ><ul class=\"dfd-icon-list\"><li class=\"\"><div class=\"dfd-list-content clearfix \" style=\"padding-bottom:10px;\"><div class=\"dfd-list-icon-block text-center\" style=\"\"><i class = \"dfd-icon-earth dfd_icon_set-icon-earth\"><\/i><\/div><div class=\"dfd-list-content-block content\">Avda. Blas Infante, 6, 10D &#8211; 41011 Sevilha<\/div><\/div><\/li><\/ul><\/div><script type=\"text\/javascript\">(function($) {$(\"head\").append(\"<style>#dfd-icon-list-69e1223b2f5e8-4425 .dfd-icon-list .content {style=&quot;&quot;}<\/style>\");})(jQuery);<\/script>[\/vc_column_inner][vc_column_inner width=&#8221;2\/12&#8243; col_inner_shadow=&#8221;box_shadow_enable:disable|shadow_horizontal:0|shadow_vertical:15|shadow_blur:50|shadow_spread:0|box_shadow_color:rgba(0%2C0%2C0%2C0.35)&#8221; col_inner_shadow_hover=&#8221;box_shadow_enable:disable|shadow_horizontal:0|shadow_vertical:15|shadow_blur:50|shadow_spread:0|box_shadow_color:rgba(0%2C0%2C0%2C0.35)&#8221;][\/vc_column_inner][vc_column_inner width=&#8221;3\/12&#8243; col_inner_shadow=&#8221;box_shadow_enable:disable|shadow_horizontal:0|shadow_vertical:15|shadow_blur:50|shadow_spread:0|box_shadow_color:rgba(0%2C0%2C0%2C0.35)&#8221; col_inner_shadow_hover=&#8221;box_shadow_enable:disable|shadow_horizontal:0|shadow_vertical:15|shadow_blur:50|shadow_spread:0|box_shadow_color:rgba(0%2C0%2C0%2C0.35)&#8221;]<div class=\"dfd-spacer-module\"  data-units=\"px\" data-wide_resolution=\"1280\" data-wide_size=\"20\" data-normal_resolution=\"1024\" data-normal_size=\"20\" data-tablet_resolution=\"800\" data-tablet_size=\"20\" data-mobile_resolution=\"480\" data-mobile_size=\"20\" style=\"height: 20px;\"><\/div><div id=\"dfd-icon-list-69e1223b2f6ee-2554\" class=\"dfd-icon-list-wrap  style-1   cr-animate-gen\" data-animate-item=\".dfd-list-content\" data-animate-type=\"transition.slideUpBigIn\" ><ul class=\"dfd-icon-list\"><li class=\"\"><div class=\"dfd-list-content clearfix \" style=\"\"><div class=\"dfd-list-icon-block text-center\" style=\"\"><i class = \"dfd-icon-phone dfd_icon_set-icon-phone\"><\/i><\/div><div class=\"dfd-list-content-block content\">+34 665 18 03 02<\/div><\/div><\/li><li class=\"\"><div class=\"dfd-list-content clearfix \" style=\"\"><div class=\"dfd-list-icon-block text-center\" style=\"\"><i class = \"dfd-icon-email_1 dfd_icon_set-icon-email_1\"><\/i><\/div><div class=\"dfd-list-content-block content\">info@civile.com<\/div><\/div><\/li><\/ul><\/div><script type=\"text\/javascript\">(function($) {$(\"head\").append(\"<style>#dfd-icon-list-69e1223b2f6ee-2554 .dfd-icon-list .content {style=&quot;&quot;}<\/style>\");})(jQuery);<\/script>[\/vc_column_inner][vc_column_inner width=&#8221;1\/12&#8243; col_inner_shadow=&#8221;box_shadow_enable:disable|shadow_horizontal:0|shadow_vertical:15|shadow_blur:50|shadow_spread:0|box_shadow_color:rgba(0%2C0%2C0%2C0.35)&#8221; col_inner_shadow_hover=&#8221;box_shadow_enable:disable|shadow_horizontal:0|shadow_vertical:15|shadow_blur:50|shadow_spread:0|box_shadow_color:rgba(0%2C0%2C0%2C0.35)&#8221;][\/vc_column_inner][vc_column_inner width=&#8221;2\/12&#8243; css=&#8221;.vc_custom_1677102061233{padding-top: 10% !important;padding-right: 10% !important;padding-bottom: 10% !important;padding-left: 10% !important;}&#8221; col_inner_shadow=&#8221;box_shadow_enable:disable|shadow_horizontal:0|shadow_vertical:15|shadow_blur:50|shadow_spread:0|box_shadow_color:rgba(0%2C0%2C0%2C.35)&#8221; col_inner_shadow_hover=&#8221;box_shadow_enable:disable|shadow_horizontal:0|shadow_vertical:15|shadow_blur:50|shadow_spread:0|box_shadow_color:rgba(0%2C0%2C0%2C.35)&#8221;][vc_single_image image=&#8221;7519&#8243; img_size=&#8221;full&#8221; alignment=&#8221;center&#8221; style=&#8221;vc_box_outline&#8221;][\/vc_column_inner][vc_column_inner width=&#8221;1\/12&#8243;][\/vc_column_inner][\/vc_row_inner][\/vc_column][vc_column]<div class=\"dfd-spacer-module\"  data-units=\"px\" data-wide_resolution=\"1280\" data-wide_size=\"60\" data-normal_resolution=\"1024\" data-normal_size=\"60\" data-tablet_resolution=\"800\" data-tablet_size=\"60\" data-mobile_resolution=\"480\" data-mobile_size=\"0\" style=\"height: 60px;\"><\/div>[\/vc_column][vc_column]<div id=\"dfd-single-image-module69e1223b2fadd-5293\" class=\"dfd-single-image-module  image-center  dfd-img-lazy-load\" ><img loading=\"lazy\" decoding=\"async\" src=\"data:image\/svg+xml;charset=utf-8,%3Csvg xmlns%3D'http%3A%2F%2Fwww.w3.org%2F2000%2Fsvg' viewBox%3D'0 0 1181 1'%2F%3E\" data-src=\"https:\/\/www.civile.es\/wp-content\/uploads\/2019\/04\/line-footer.png\" width=\"1181\" height=\"1\"  alt=\"Image module\" \/><\/div><div class=\"dfd-spacer-module\"  data-units=\"px\" data-wide_resolution=\"1280\" data-wide_size=\"30\" data-normal_resolution=\"1024\" data-normal_size=\"30\" data-tablet_resolution=\"800\" data-tablet_size=\"30\" data-mobile_resolution=\"480\" data-mobile_size=\"0\" style=\"height: 30px;\"><\/div>[\/vc_column][vc_column dfd_column_responsive_enable=&#8221;dfd-column-responsive-enable&#8221; col_shadow=&#8221;box_shadow_enable:disable|shadow_horizontal:0|shadow_vertical:15|shadow_blur:50|shadow_spread:0|box_shadow_color:rgba(0%2C0%2C0%2C0.35)&#8221; col_shadow_hover=&#8221;box_shadow_enable:disable|shadow_horizontal:0|shadow_vertical:15|shadow_blur:50|shadow_spread:0|box_shadow_color:rgba(0%2C0%2C0%2C0.35)&#8221; responsive_styles=&#8221;padding_left_desktop:20|padding_right_desktop:20&#8243;][vc_row_inner][vc_column_inner el_class=&#8221;dfd_col-tablet-6&#8243; width=&#8221;1\/6&#8243; offset=&#8221;vc_col-lg-2 vc_col-md-2&#8243; col_inner_shadow=&#8221;box_shadow_enable:disable|shadow_horizontal:0|shadow_vertical:15|shadow_blur:50|shadow_spread:0|box_shadow_color:rgba(0%2C0%2C0%2C0.35)&#8221; col_inner_shadow_hover=&#8221;box_shadow_enable:disable|shadow_horizontal:0|shadow_vertical:15|shadow_blur:50|shadow_spread:0|box_shadow_color:rgba(0%2C0%2C0%2C0.35)&#8221;]<div id=\"dfd-single-image-module69e1223b2fe39-1601\" class=\"dfd-single-image-module  image-center  dfd-img-lazy-load\" ><a href=\"https:\/\/www.civile.es\" title=\"Image source\"><img loading=\"lazy\" decoding=\"async\" src=\"data:image\/svg+xml;charset=utf-8,%3Csvg xmlns%3D'http%3A%2F%2Fwww.w3.org%2F2000%2Fsvg' viewBox%3D'0 0 458 177'%2F%3E\" data-src=\"https:\/\/www.civile.es\/wp-content\/uploads\/2024\/02\/civile-sin-altura.png\" width=\"458\" height=\"177\" data-retina-img=\"https:\/\/www.civile.es\/wp-content\/uploads\/2024\/02\/civile-sin-altura.png\" alt=\"Image module\" \/><\/a><\/div>[\/vc_column_inner][vc_column_inner el_class=&#8221;display-class-colum-footer&#8221; width=&#8221;1\/12&#8243; offset=&#8221;vc_col-lg-1 vc_col-md-1 vc_hidden-md vc_hidden-sm vc_col-xs-1 vc_hidden-xs&#8221; col_inner_shadow=&#8221;box_shadow_enable:disable|shadow_horizontal:0|shadow_vertical:15|shadow_blur:50|shadow_spread:0|box_shadow_color:rgba(0%2C0%2C0%2C0.35)&#8221; col_inner_shadow_hover=&#8221;box_shadow_enable:disable|shadow_horizontal:0|shadow_vertical:15|shadow_blur:50|shadow_spread:0|box_shadow_color:rgba(0%2C0%2C0%2C0.35)&#8221;][\/vc_column_inner][vc_column_inner el_class=&#8221;dfd_col-tablet-6 class-class&#8221; width=&#8221;1\/3&#8243; offset=&#8221;vc_col-lg-4 vc_col-md-5&#8243; col_inner_shadow=&#8221;box_shadow_enable:disable|shadow_horizontal:0|shadow_vertical:15|shadow_blur:50|shadow_spread:0|box_shadow_color:rgba(0%2C0%2C0%2C0.35)&#8221; col_inner_shadow_hover=&#8221;box_shadow_enable:disable|shadow_horizontal:0|shadow_vertical:15|shadow_blur:50|shadow_spread:0|box_shadow_color:rgba(0%2C0%2C0%2C0.35)&#8221;][vc_column_text]<\/p>\n<p style=\"margin-top: 3px; text-align: center; height: 40px;\"><a class=\"class-footer-indent\" style=\"top: 8px; margin-right: 20px; font-size: 12px; text-transform: uppercase; line-height: 17px; text-decoration: none;\" href=\"https:\/\/www.civile.es\/viewer\/\">FERRAMENTAS<\/a> <a class=\"class-footer-indent\" style=\"top: 8px; margin-right: 20px; font-size: 12px; text-transform: uppercase; line-height: 17px; text-decoration: none;\" href=\"https:\/\/www.civile.es\/pt-pt\/aviso-legal\/\">AVISO LEGAL<\/a> <a class=\"class-footer-indent\" style=\"top: 8px; margin-right: 0px; font-size: 12px; text-transform: uppercase; line-height: 17px; text-decoration: none;\" href=\"https:\/\/clientes.prodat.es\/privacidad\/MLG\/civile\">PRIVACIDADE<\/a><\/p>\n<p>[\/vc_column_text][\/vc_column_inner][vc_column_inner el_class=&#8221;dfd_col-tablet-6&#8243; width=&#8221;1\/6&#8243; offset=&#8221;vc_col-lg-2 vc_col-md-2&#8243; col_inner_shadow=&#8221;box_shadow_enable:disable|shadow_horizontal:0|shadow_vertical:15|shadow_blur:50|shadow_spread:0|box_shadow_color:rgba(0%2C0%2C0%2C0.35)&#8221; col_inner_shadow_hover=&#8221;box_shadow_enable:disable|shadow_horizontal:0|shadow_vertical:15|shadow_blur:50|shadow_spread:0|box_shadow_color:rgba(0%2C0%2C0%2C0.35)&#8221;]<div class=\"dfd-spacer-module\"  data-units=\"px\" data-wide_resolution=\"1280\" data-wide_size=\"\" data-normal_resolution=\"1024\" data-normal_size=\"\" data-tablet_resolution=\"800\" data-tablet_size=\"20\" data-mobile_resolution=\"480\" data-mobile_size=\"\" style=\"height: px;\"><\/div><div id=\"dfd-soc-icon-69e1223b2feb3-744\" class=\"dfd-new-soc-icon text-center style-4   \" ><div class=\"soc-icon-container clearfix\"><a href=\"https:\/\/es.linkedin.com\/company\/civileicf\"    class=\"soc_icon-linkedin\"><i class=\"soc_icon-linkedin\"><\/i><\/a><a href=\"https:\/\/twitter.com\/civileicf\"    class=\"soc_icon-twitter-3\"><i class=\"soc_icon-twitter-3\"><\/i><\/a><\/div><\/div><script type=\"text\/javascript\">\r\n\t\t\t\t\t\t\t(function($) {\r\n\t\t\t\t\t\t\t\t$(\"head\").append(\"<style>#dfd-soc-icon-69e1223b2feb3-744.dfd-new-soc-icon.style-12 a:after {background: #ffffff;}#dfd-soc-icon-69e1223b2feb3-744.dfd-new-soc-icon a {font-size: 16px; border-radius: 30px; margin-right: 0px; color: #ffffff; }#dfd-soc-icon-69e1223b2feb3-744.dfd-new-soc-icon a:before {}#dfd-soc-icon-69e1223b2feb3-744.dfd-new-soc-icon a i {}<\/style>\");\r\n\t\t\t\t\t\t\t})(jQuery);\r\n\t\t\t\t\t\t<\/script>[\/vc_column_inner][vc_column_inner el_class=&#8221;dfd_col-tablet-6&#8243; width=&#8221;1\/4&#8243; dfd_column_responsive_enable=&#8221;dfd-column-responsive-enable&#8221; offset=&#8221;vc_col-lg-3 vc_col-md-3&#8243; col_inner_shadow=&#8221;box_shadow_enable:disable|shadow_horizontal:0|shadow_vertical:15|shadow_blur:50|shadow_spread:0|box_shadow_color:rgba(0%2C0%2C0%2C0.35)&#8221; col_inner_shadow_hover=&#8221;box_shadow_enable:disable|shadow_horizontal:0|shadow_vertical:15|shadow_blur:50|shadow_spread:0|box_shadow_color:rgba(0%2C0%2C0%2C0.35)&#8221; responsive_styles=&#8221;margin_top_tablet:-40&#8243;][vc_column_text]<\/p>\n<p style=\"text-align: center; margin-top: 10px;\">\u00a9 2024. Civil <\/p>\n<p>[\/vc_column_text][\/vc_column_inner][\/vc_row_inner][\/vc_column][vc_column][vc_column_text]<\/p>\n<p style=\"margin-top: 3px; height: 40px; text-align: left;\"><a class=\"class-footer-indent\" style=\"top: 8px; margin-right: 20px; font-size: 10px; text-transform: uppercase; line-height: 17px; text-decoration: none;\" href=\"https:\/\/www.civile.es\/wp-content\/uploads\/2024\/02\/TG23005-ISO_9001-POLITICA-WIP-V00-CVLADM.pdf\">Pol\u00edtica de qualidade e ambiente <\/a><a class=\"class-footer-indent\" style=\"top: 8px; margin-right: 20px; font-size: 10px; text-transform: uppercase; line-height: 17px; text-decoration: none;\" href=\"https:\/\/www.civile.es\/wp-content\/uploads\/2024\/02\/TG23005-ISO_9001-FP04_F02-WIP-V00-CVLADM.pdf\">crit\u00e9rios e requisitos para fornecedores, mantenedores e subcontratados<\/a> <a class=\"class-footer-indent\" style=\"top: 8px; margin-right: 20px; font-size: 10px; text-transform: uppercase; line-height: 17px; text-decoration: none;\" href=\"https:\/\/www.civile.es\/wp-content\/uploads\/2024\/03\/TG23003-ISO19650-POLITICA-WIP-V00-CVLADM.pdf\">POL\u00cdTICA DE METODOLOGIA BIM<\/a><\/p>\n<p>[\/vc_column_text]<div class=\"dfd-spacer-module\"  data-units=\"px\" data-wide_resolution=\"1280\" data-wide_size=\"30\" data-normal_resolution=\"1024\" data-normal_size=\"30\" data-tablet_resolution=\"800\" data-tablet_size=\"30\" data-mobile_resolution=\"480\" data-mobile_size=\"30\" style=\"height: 30px;\"><\/div>[\/vc_column][\/vc_row]<\/p>\n","protected":false},"excerpt":{"rendered":"<p>[vc_row dfd_overlay_color=&#8221;#ffffff&#8221; dfd_overlay_pattern_opacity=&#8221;&#8221; css=&#8221;.vc_custom_1676569971373{background-color: #ffffff !important;}&#8221;][vc_column col_shadow=&#8221;box_shadow_enable:disable|shadow_horizontal:0|shadow_vertical:15|shadow_blur:50|shadow_spread:0|box_shadow_color:rgba(0%2C0%2C0%2C.35)&#8221; col_shadow_hover=&#8221;box_shadow_enable:disable|shadow_horizontal:0|shadow_vertical:15|shadow_blur:50|shadow_spread:0|box_shadow_color:rgba(0%2C0%2C0%2C.35)&#8221;][vc_single_image image=&#8221;7953&#8243; img_size=&#8221;full&#8221; alignment=&#8221;center&#8221; onclick=&#8221;custom_link&#8221; link=&#8221;https:\/\/www.civile.es\/pt-pt\/beneficiario-do-fundo-europeu-de-desenvolvimento-regional\/&#8221;][vc_column_text] A CIVILE ICF SOCIEDAD LIMITADA tem sido benefici\u00e1ria de Fundos Europeus, cujo objetivo \u00e9 melhorar a competitividade<\/p>\n","protected":false},"author":6,"featured_media":0,"parent":0,"menu_order":0,"comment_status":"closed","ping_status":"closed","template":"","meta":{"footnotes":""},"class_list":["post-7791","page","type-page","status-publish","hentry"],"yoast_head":"<!-- This site is optimized with the Yoast SEO plugin v27.4 - https:\/\/yoast.com\/product\/yoast-seo-wordpress\/ -->\n<title>Rodap\u00e9 - Civile<\/title>\n<meta name=\"robots\" content=\"index, follow, max-snippet:-1, max-image-preview:large, max-video-preview:-1\" \/>\n<link rel=\"canonical\" href=\"https:\/\/www.civile.es\/pt-pt\/rodape\/\" \/>\n<meta property=\"og:locale\" content=\"pt_PT\" \/>\n<meta property=\"og:type\" content=\"article\" \/>\n<meta property=\"og:title\" content=\"Rodap\u00e9 - Civile\" \/>\n<meta property=\"og:description\" content=\"[vc_row dfd_overlay_color=&#8221;#ffffff&#8221; dfd_overlay_pattern_opacity=&#8221;&#8221; css=&#8221;.vc_custom_1676569971373{background-color: #ffffff !important;}&#8221;][vc_column col_shadow=&#8221;box_shadow_enable:disable|shadow_horizontal:0|shadow_vertical:15|shadow_blur:50|shadow_spread:0|box_shadow_color:rgba(0%2C0%2C0%2C.35)&#8221; col_shadow_hover=&#8221;box_shadow_enable:disable|shadow_horizontal:0|shadow_vertical:15|shadow_blur:50|shadow_spread:0|box_shadow_color:rgba(0%2C0%2C0%2C.35)&#8221;][vc_single_image image=&#8221;7953&#8243; img_size=&#8221;full&#8221; alignment=&#8221;center&#8221; onclick=&#8221;custom_link&#8221; link=&#8221;https:\/\/www.civile.es\/pt-pt\/beneficiario-do-fundo-europeu-de-desenvolvimento-regional\/&#8221;][vc_column_text] A CIVILE ICF SOCIEDAD LIMITADA tem sido benefici\u00e1ria de Fundos Europeus, cujo objetivo \u00e9 melhorar a competitividade\" \/>\n<meta property=\"og:url\" content=\"https:\/\/www.civile.es\/pt-pt\/rodape\/\" \/>\n<meta property=\"og:site_name\" content=\"Civile\" \/>\n<meta property=\"article:modified_time\" content=\"2026-04-13T10:54:22+00:00\" \/>\n<meta name=\"twitter:card\" content=\"summary_large_image\" \/>\n<meta name=\"twitter:site\" content=\"@civileicf\" \/>\n<meta name=\"twitter:label1\" content=\"Tempo estimado de leitura\" \/>\n\t<meta name=\"twitter:data1\" content=\"7 minutos\" \/>\n<script type=\"application\/ld+json\" class=\"yoast-schema-graph\">{\"@context\":\"https:\\\/\\\/schema.org\",\"@graph\":[{\"@type\":\"WebPage\",\"@id\":\"https:\\\/\\\/www.civile.es\\\/pt-pt\\\/rodape\\\/\",\"url\":\"https:\\\/\\\/www.civile.es\\\/pt-pt\\\/rodape\\\/\",\"name\":\"Rodap\u00e9 - Civile\",\"isPartOf\":{\"@id\":\"https:\\\/\\\/www.civile.es\\\/pt-pt\\\/#website\"},\"datePublished\":\"2019-04-08T14:18:37+00:00\",\"dateModified\":\"2026-04-13T10:54:22+00:00\",\"breadcrumb\":{\"@id\":\"https:\\\/\\\/www.civile.es\\\/pt-pt\\\/rodape\\\/#breadcrumb\"},\"inLanguage\":\"pt-PT\",\"potentialAction\":[{\"@type\":\"ReadAction\",\"target\":[\"https:\\\/\\\/www.civile.es\\\/pt-pt\\\/rodape\\\/\"]}]},{\"@type\":\"BreadcrumbList\",\"@id\":\"https:\\\/\\\/www.civile.es\\\/pt-pt\\\/rodape\\\/#breadcrumb\",\"itemListElement\":[{\"@type\":\"ListItem\",\"position\":1,\"name\":\"Portada\",\"item\":\"https:\\\/\\\/www.civile.es\\\/pt-pt\\\/casa\\\/\"},{\"@type\":\"ListItem\",\"position\":2,\"name\":\"Rodap\u00e9\"}]},{\"@type\":\"WebSite\",\"@id\":\"https:\\\/\\\/www.civile.es\\\/pt-pt\\\/#website\",\"url\":\"https:\\\/\\\/www.civile.es\\\/pt-pt\\\/\",\"name\":\"Civile Ingenier\u00eda, Consultor\u00eda y Formaci\u00f3n\",\"description\":\"Civile\",\"publisher\":{\"@id\":\"https:\\\/\\\/www.civile.es\\\/pt-pt\\\/#organization\"},\"potentialAction\":[{\"@type\":\"SearchAction\",\"target\":{\"@type\":\"EntryPoint\",\"urlTemplate\":\"https:\\\/\\\/www.civile.es\\\/pt-pt\\\/?s={search_term_string}\"},\"query-input\":{\"@type\":\"PropertyValueSpecification\",\"valueRequired\":true,\"valueName\":\"search_term_string\"}}],\"inLanguage\":\"pt-PT\"},{\"@type\":\"Organization\",\"@id\":\"https:\\\/\\\/www.civile.es\\\/pt-pt\\\/#organization\",\"name\":\"Civile Ingenier\u00eda, Consultor\u00eda y Formaci\u00f3n\",\"url\":\"https:\\\/\\\/www.civile.es\\\/pt-pt\\\/\",\"logo\":{\"@type\":\"ImageObject\",\"inLanguage\":\"pt-PT\",\"@id\":\"https:\\\/\\\/www.civile.es\\\/pt-pt\\\/#\\\/schema\\\/logo\\\/image\\\/\",\"url\":\"https:\\\/\\\/www.civile.es\\\/wp-content\\\/uploads\\\/2023\\\/02\\\/LOGOTIPOS-CIVILE-con-lema.png\",\"contentUrl\":\"https:\\\/\\\/www.civile.es\\\/wp-content\\\/uploads\\\/2023\\\/02\\\/LOGOTIPOS-CIVILE-con-lema.png\",\"width\":400,\"height\":139,\"caption\":\"Civile Ingenier\u00eda, Consultor\u00eda y Formaci\u00f3n\"},\"image\":{\"@id\":\"https:\\\/\\\/www.civile.es\\\/pt-pt\\\/#\\\/schema\\\/logo\\\/image\\\/\"},\"sameAs\":[\"https:\\\/\\\/x.com\\\/civileicf\",\"https:\\\/\\\/www.linkedin.com\\\/company\\\/2911193\"]}]}<\/script>\n<!-- \/ Yoast SEO plugin. -->","yoast_head_json":{"title":"Rodap\u00e9 - Civile","robots":{"index":"index","follow":"follow","max-snippet":"max-snippet:-1","max-image-preview":"max-image-preview:large","max-video-preview":"max-video-preview:-1"},"canonical":"https:\/\/www.civile.es\/pt-pt\/rodape\/","og_locale":"pt_PT","og_type":"article","og_title":"Rodap\u00e9 - Civile","og_description":"[vc_row dfd_overlay_color=&#8221;#ffffff&#8221; dfd_overlay_pattern_opacity=&#8221;&#8221; css=&#8221;.vc_custom_1676569971373{background-color: #ffffff !important;}&#8221;][vc_column col_shadow=&#8221;box_shadow_enable:disable|shadow_horizontal:0|shadow_vertical:15|shadow_blur:50|shadow_spread:0|box_shadow_color:rgba(0%2C0%2C0%2C.35)&#8221; col_shadow_hover=&#8221;box_shadow_enable:disable|shadow_horizontal:0|shadow_vertical:15|shadow_blur:50|shadow_spread:0|box_shadow_color:rgba(0%2C0%2C0%2C.35)&#8221;][vc_single_image image=&#8221;7953&#8243; img_size=&#8221;full&#8221; alignment=&#8221;center&#8221; onclick=&#8221;custom_link&#8221; link=&#8221;https:\/\/www.civile.es\/pt-pt\/beneficiario-do-fundo-europeu-de-desenvolvimento-regional\/&#8221;][vc_column_text] A CIVILE ICF SOCIEDAD LIMITADA tem sido benefici\u00e1ria de Fundos Europeus, cujo objetivo \u00e9 melhorar a competitividade","og_url":"https:\/\/www.civile.es\/pt-pt\/rodape\/","og_site_name":"Civile","article_modified_time":"2026-04-13T10:54:22+00:00","twitter_card":"summary_large_image","twitter_site":"@civileicf","twitter_misc":{"Tempo estimado de leitura":"7 minutos"},"schema":{"@context":"https:\/\/schema.org","@graph":[{"@type":"WebPage","@id":"https:\/\/www.civile.es\/pt-pt\/rodape\/","url":"https:\/\/www.civile.es\/pt-pt\/rodape\/","name":"Rodap\u00e9 - Civile","isPartOf":{"@id":"https:\/\/www.civile.es\/pt-pt\/#website"},"datePublished":"2019-04-08T14:18:37+00:00","dateModified":"2026-04-13T10:54:22+00:00","breadcrumb":{"@id":"https:\/\/www.civile.es\/pt-pt\/rodape\/#breadcrumb"},"inLanguage":"pt-PT","potentialAction":[{"@type":"ReadAction","target":["https:\/\/www.civile.es\/pt-pt\/rodape\/"]}]},{"@type":"BreadcrumbList","@id":"https:\/\/www.civile.es\/pt-pt\/rodape\/#breadcrumb","itemListElement":[{"@type":"ListItem","position":1,"name":"Portada","item":"https:\/\/www.civile.es\/pt-pt\/casa\/"},{"@type":"ListItem","position":2,"name":"Rodap\u00e9"}]},{"@type":"WebSite","@id":"https:\/\/www.civile.es\/pt-pt\/#website","url":"https:\/\/www.civile.es\/pt-pt\/","name":"Civile Ingenier\u00eda, Consultor\u00eda y Formaci\u00f3n","description":"Civile","publisher":{"@id":"https:\/\/www.civile.es\/pt-pt\/#organization"},"potentialAction":[{"@type":"SearchAction","target":{"@type":"EntryPoint","urlTemplate":"https:\/\/www.civile.es\/pt-pt\/?s={search_term_string}"},"query-input":{"@type":"PropertyValueSpecification","valueRequired":true,"valueName":"search_term_string"}}],"inLanguage":"pt-PT"},{"@type":"Organization","@id":"https:\/\/www.civile.es\/pt-pt\/#organization","name":"Civile Ingenier\u00eda, Consultor\u00eda y Formaci\u00f3n","url":"https:\/\/www.civile.es\/pt-pt\/","logo":{"@type":"ImageObject","inLanguage":"pt-PT","@id":"https:\/\/www.civile.es\/pt-pt\/#\/schema\/logo\/image\/","url":"https:\/\/www.civile.es\/wp-content\/uploads\/2023\/02\/LOGOTIPOS-CIVILE-con-lema.png","contentUrl":"https:\/\/www.civile.es\/wp-content\/uploads\/2023\/02\/LOGOTIPOS-CIVILE-con-lema.png","width":400,"height":139,"caption":"Civile Ingenier\u00eda, Consultor\u00eda y Formaci\u00f3n"},"image":{"@id":"https:\/\/www.civile.es\/pt-pt\/#\/schema\/logo\/image\/"},"sameAs":["https:\/\/x.com\/civileicf","https:\/\/www.linkedin.com\/company\/2911193"]}]}},"_links":{"self":[{"href":"https:\/\/www.civile.es\/pt-pt\/wp-json\/wp\/v2\/pages\/7791","targetHints":{"allow":["GET"]}}],"collection":[{"href":"https:\/\/www.civile.es\/pt-pt\/wp-json\/wp\/v2\/pages"}],"about":[{"href":"https:\/\/www.civile.es\/pt-pt\/wp-json\/wp\/v2\/types\/page"}],"author":[{"embeddable":true,"href":"https:\/\/www.civile.es\/pt-pt\/wp-json\/wp\/v2\/users\/6"}],"replies":[{"embeddable":true,"href":"https:\/\/www.civile.es\/pt-pt\/wp-json\/wp\/v2\/comments?post=7791"}],"version-history":[{"count":55,"href":"https:\/\/www.civile.es\/pt-pt\/wp-json\/wp\/v2\/pages\/7791\/revisions"}],"predecessor-version":[{"id":8053,"href":"https:\/\/www.civile.es\/pt-pt\/wp-json\/wp\/v2\/pages\/7791\/revisions\/8053"}],"wp:attachment":[{"href":"https:\/\/www.civile.es\/pt-pt\/wp-json\/wp\/v2\/media?parent=7791"}],"curies":[{"name":"wp","href":"https:\/\/api.w.org\/{rel}","templated":true}]}}