{"id":7777,"date":"2023-06-15T08:12:17","date_gmt":"2023-06-15T08:12:17","guid":{"rendered":"https:\/\/www.civile.es\/aviso-legal\/"},"modified":"2023-06-15T08:12:17","modified_gmt":"2023-06-15T08:12:17","slug":"aviso-legal","status":"publish","type":"page","link":"https:\/\/www.civile.es\/pt-pt\/aviso-legal\/","title":{"rendered":"Aviso legal"},"content":{"rendered":"<div>\n<p class=\"Textbody\"><strong>Introdu\u00e7\u00e3o.<\/strong><\/p>\n<p class=\"Textbody\"><span style=\"font-size: revert;\">O objetivo do presente documento \u00e9 estabelecer e regular as regras de utiliza\u00e7\u00e3o do S\u00edtio. <\/span><a style=\"font-size: revert;\" href=\"http:\/\/www.civile.es\/\">www.civile.es<\/a><span style=\"font-size: revert;\"> (doravante o \u201cSite\u201d), ou seja, todas as p\u00e1ginas e seus conte\u00fados de propriedade da Civile ICF S.L. que s\u00e3o acessados atrav\u00e9s do dom\u00ednio www.civile.es e seus subdom\u00ednios.<\/span><\/p>\n<\/div>\n<div>\n<p>A utiliza\u00e7\u00e3o do S\u00edtio confere a condi\u00e7\u00e3o de Utilizador do mesmo e implica a aceita\u00e7\u00e3o de todas as condi\u00e7\u00f5es inclu\u00eddas no presente Aviso Legal. O Utilizador compromete-se a ler atentamente o presente Aviso Legal sempre que pretenda utilizar o S\u00edtio, uma vez que o S\u00edtio e as suas condi\u00e7\u00f5es de utiliza\u00e7\u00e3o estabelecidas no presente Aviso Legal podem ser objeto de altera\u00e7\u00f5es. <\/p>\n<p><span style=\"font-size: revert;\">Todos os avisos podem ser revistos a qualquer momento pelo utilizador atrav\u00e9s do nosso s\u00edtio Web.<\/span><\/p>\n<\/div>\n<div><\/div>\n<div>\n<p><strong>2.- Propriedade do s\u00edtio Web.<\/strong><\/p>\n<\/div>\n<div>\n<p>O propriet\u00e1rio deste s\u00edtio Web \u00e9 Civile ICF S.L., com sede social em Avenida Blas Infante, 6, 10D, C.P.41010, Sevilha, e com o C\u00f3digo de Identifica\u00e7\u00e3o Fiscal: B90047788.<\/p>\n<\/div>\n<div>\n<p>Est\u00e1 inscrita no Registo Comercial de Sevilha T 5682 , F 190, S 8, H SE 96916, I\/A 1<\/p>\n<\/div>\n<div>\n<p><span style=\"font-size: revert;\">Podes contactar-nos atrav\u00e9s dos seguintes n\u00fameros de telefone ou por e-mail: Tel: 665 180 302, e-mail: <\/span><a style=\"font-size: revert;\" href=\"mailto:administracion@civile.es\">administracion@civile.es<\/a><\/p>\n<\/div>\n<div><\/div>\n<div>\n<p><strong>3.- Propriedade intelectual e industrial.<\/strong><\/p>\n<\/div>\n<div>\n<p>  Os direitos de propriedade intelectual deste s\u00edtio s\u00e3o propriedade de Civile ICF S.L., ou temos a autoriza\u00e7\u00e3o apropriada. Todas as marcas registadas ou sinais distintivos de qualquer tipo contidos no site est\u00e3o protegidos por lei. <\/p>\n<\/div>\n<div>\n<p>  Qualquer reprodu\u00e7\u00e3o, distribui\u00e7\u00e3o, comercializa\u00e7\u00e3o ou transforma\u00e7\u00e3o n\u00e3o autorizada, no todo ou em parte, do conte\u00fado do s\u00edtio constitui uma viola\u00e7\u00e3o dos direitos de propriedade intelectual da Civile ICF S.L..<\/p>\n<\/div>\n<div>\n<p>  A utiliza\u00e7\u00e3o n\u00e3o autorizada das informa\u00e7\u00f5es contidas neste s\u00edtio, bem como os danos causados aos direitos de propriedade intelectual e industrial, podem dar origem a ac\u00e7\u00f5es judiciais e, se for caso disso, \u00e0s responsabilidades decorrentes dessas ac\u00e7\u00f5es.<\/p>\n<\/div>\n<div><\/div>\n<div>\n<p><strong>4.- Exclus\u00e3o de responsabilidade.<\/strong><\/p>\n<\/div>\n<div>\n<p>  Os conte\u00fados, programas, informa\u00e7\u00f5es e\/ou conselhos expressos neste s\u00edtio devem ser entendidos como meramente indicativos. A Civile ICF S.L. n\u00e3o \u00e9 de modo algum respons\u00e1vel pela efic\u00e1cia ou exatid\u00e3o dos mesmos, ficando isenta de qualquer responsabilidade contratual ou extracontratual para com os utilizadores, cabendo a estes decidir discricionariamente sobre a sua adequa\u00e7\u00e3o. <\/p>\n<\/div>\n<div>\n<p>  Este Site pode publicar conte\u00fados fornecidos por terceiros ou empresas. N\u00e3o nos responsabilizamos pela veracidade e exatid\u00e3o dos mesmos, ficando isentos de qualquer responsabilidade contratual ou extracontratual perante os utilizadores que deles fa\u00e7am uso. <\/p>\n<\/div>\n<div>\n<p>  Reservamo-nos o direito de modificar o conte\u00fado do S\u00edtio sem aviso pr\u00e9vio e sem limita\u00e7\u00f5es.<\/p>\n<\/div>\n<div>\n<p>  Da mesma forma, declina qualquer responsabilidade por poss\u00edveis danos que possam ser causados pela falta de disponibilidade e\/ou continuidade deste S\u00edtio e dos servi\u00e7os nele oferecidos.<\/p>\n<\/div>\n<div>\n<p>  Civile ICF S.L. n\u00e3o garante a aus\u00eancia de v\u00edrus ou outros elementos no site que possam causar altera\u00e7\u00f5es no teu sistema inform\u00e1tico. Civile ICF S.L., declina qualquer responsabilidade contratual ou extracontratual com os Utilizadores que o utilizem e tenham danos de qualquer natureza causados por v\u00edrus inform\u00e1ticos ou elementos inform\u00e1ticos de qualquer tipo. <\/p>\n<\/div>\n<div>\n<p>  Civile ICF S.L., declina qualquer responsabilidade pelos servi\u00e7os e\/ou informa\u00e7\u00f5es fornecidas em outros sites ligados a este. Civile ICF S.L. n\u00e3o controla nem exerce qualquer tipo de supervis\u00e3o sobre os sites de terceiros. Aconselhamos os utilizadores a agirem com prud\u00eancia e a consultarem as condi\u00e7\u00f5es legais que possam estar presentes nesses sites.  <\/p>\n<\/div>\n<div>\n<p>  Os utilizadores que enviem qualquer tipo de informa\u00e7\u00e3o \u00e0 Civile ICF S.L. comprometem-se a garantir a sua veracidade e a n\u00e3o violar quaisquer direitos de terceiros ou a legisla\u00e7\u00e3o em vigor.<\/p>\n<\/div>\n<div><\/div>\n<div>\n<p><strong>5.- Condi\u00e7\u00f5es de utiliza\u00e7\u00e3o do portal para os utilizadores.<\/strong><\/p>\n<\/div>\n<div>\n<p>  O acesso a este s\u00edtio \u00e9 gratuito, com exce\u00e7\u00e3o do custo da liga\u00e7\u00e3o atrav\u00e9s da rede de telecomunica\u00e7\u00f5es fornecida pelo fornecedor de acesso contratado pelos utilizadores.<\/p>\n<\/div>\n<div>\n<p>  \u00c9 expressamente proibida a utiliza\u00e7\u00e3o do Site para fins prejudiciais aos bens ou interesses da Civile ICF S.L. ou de terceiros ou que, de qualquer outra forma, sobrecarreguem, danifiquem ou inutilizem as redes, servidores e outros equipamentos inform\u00e1ticos (hardware) ou produtos e aplica\u00e7\u00f5es inform\u00e1ticas (software) da Civile ICF S.L. ou de terceiros.<\/p>\n<\/div>\n<div>\n<p>  No caso de o Utilizador ter conhecimento de que os Sites ligados remetem para p\u00e1ginas cujos conte\u00fados ou servi\u00e7os s\u00e3o ilegais, nocivos, denegridores, violentos ou contr\u00e1rios \u00e0 moral, agradecemos que contacte a Civile ICF S.L.<\/p>\n<\/div>\n<div>\n<p><strong>6.- Legisla\u00e7\u00e3o.  <\/strong><\/p>\n<\/div>\n<div>\n<p>O presente Aviso Legal rege-se, em todos e cada um dos seus aspectos, pela legisla\u00e7\u00e3o espanhola. O presente contrato \u00e9 redigido em l\u00edngua espanhola. <\/p>\n<\/div>\n<div>\n<p><strong>7 &#8211; Contacta-nos.<\/strong><\/p>\n<\/div>\n<div>\n<p>  Se tiveres alguma d\u00favida sobre as condi\u00e7\u00f5es reflectidas no presente Aviso Legal, ou se quiseres fazer sugest\u00f5es ou recomenda\u00e7\u00f5es, contacta-nos atrav\u00e9s do endere\u00e7o de correio eletr\u00f3nico indicado no ponto 2.<\/p>\n<\/div>\n","protected":false},"excerpt":{"rendered":"<p>Introdu\u00e7\u00e3o. O objetivo do presente documento \u00e9 estabelecer e regular as regras de utiliza\u00e7\u00e3o do S\u00edtio. www.civile.es (doravante o \u201cSite\u201d), ou seja, todas as p\u00e1ginas e seus conte\u00fados de propriedade<\/p>\n","protected":false},"author":6,"featured_media":0,"parent":0,"menu_order":0,"comment_status":"closed","ping_status":"closed","template":"","meta":{"footnotes":""},"class_list":["post-7777","page","type-page","status-publish","hentry"],"yoast_head":"<!-- This site is optimized with the Yoast SEO plugin v27.4 - https:\/\/yoast.com\/product\/yoast-seo-wordpress\/ -->\n<title>Aviso legal - Civile<\/title>\n<meta name=\"robots\" content=\"noindex, follow\" \/>\n<meta property=\"og:locale\" content=\"pt_PT\" \/>\n<meta property=\"og:type\" content=\"article\" \/>\n<meta property=\"og:title\" content=\"Aviso legal - Civile\" \/>\n<meta property=\"og:description\" content=\"Introdu\u00e7\u00e3o. O objetivo do presente documento \u00e9 estabelecer e regular as regras de utiliza\u00e7\u00e3o do S\u00edtio. www.civile.es (doravante o \u201cSite\u201d), ou seja, todas as p\u00e1ginas e seus conte\u00fados de propriedade\" \/>\n<meta property=\"og:url\" content=\"https:\/\/www.civile.es\/pt-pt\/aviso-legal\/\" \/>\n<meta property=\"og:site_name\" content=\"Civile\" \/>\n<meta name=\"twitter:card\" content=\"summary_large_image\" \/>\n<meta name=\"twitter:site\" content=\"@civileicf\" \/>\n<meta name=\"twitter:label1\" content=\"Tempo estimado de leitura\" \/>\n\t<meta name=\"twitter:data1\" content=\"4 minutos\" \/>\n<script type=\"application\/ld+json\" class=\"yoast-schema-graph\">{\"@context\":\"https:\\\/\\\/schema.org\",\"@graph\":[{\"@type\":\"WebPage\",\"@id\":\"https:\\\/\\\/www.civile.es\\\/pt-pt\\\/aviso-legal\\\/\",\"url\":\"https:\\\/\\\/www.civile.es\\\/pt-pt\\\/aviso-legal\\\/\",\"name\":\"Aviso legal - Civile\",\"isPartOf\":{\"@id\":\"https:\\\/\\\/www.civile.es\\\/pt-pt\\\/#website\"},\"datePublished\":\"2023-06-15T08:12:17+00:00\",\"breadcrumb\":{\"@id\":\"https:\\\/\\\/www.civile.es\\\/pt-pt\\\/aviso-legal\\\/#breadcrumb\"},\"inLanguage\":\"pt-PT\",\"potentialAction\":[{\"@type\":\"ReadAction\",\"target\":[\"https:\\\/\\\/www.civile.es\\\/pt-pt\\\/aviso-legal\\\/\"]}]},{\"@type\":\"BreadcrumbList\",\"@id\":\"https:\\\/\\\/www.civile.es\\\/pt-pt\\\/aviso-legal\\\/#breadcrumb\",\"itemListElement\":[{\"@type\":\"ListItem\",\"position\":1,\"name\":\"Portada\",\"item\":\"https:\\\/\\\/www.civile.es\\\/pt-pt\\\/casa\\\/\"},{\"@type\":\"ListItem\",\"position\":2,\"name\":\"Aviso legal\"}]},{\"@type\":\"WebSite\",\"@id\":\"https:\\\/\\\/www.civile.es\\\/pt-pt\\\/#website\",\"url\":\"https:\\\/\\\/www.civile.es\\\/pt-pt\\\/\",\"name\":\"Civile Ingenier\u00eda, Consultor\u00eda y Formaci\u00f3n\",\"description\":\"Civile\",\"publisher\":{\"@id\":\"https:\\\/\\\/www.civile.es\\\/pt-pt\\\/#organization\"},\"potentialAction\":[{\"@type\":\"SearchAction\",\"target\":{\"@type\":\"EntryPoint\",\"urlTemplate\":\"https:\\\/\\\/www.civile.es\\\/pt-pt\\\/?s={search_term_string}\"},\"query-input\":{\"@type\":\"PropertyValueSpecification\",\"valueRequired\":true,\"valueName\":\"search_term_string\"}}],\"inLanguage\":\"pt-PT\"},{\"@type\":\"Organization\",\"@id\":\"https:\\\/\\\/www.civile.es\\\/pt-pt\\\/#organization\",\"name\":\"Civile Ingenier\u00eda, Consultor\u00eda y Formaci\u00f3n\",\"url\":\"https:\\\/\\\/www.civile.es\\\/pt-pt\\\/\",\"logo\":{\"@type\":\"ImageObject\",\"inLanguage\":\"pt-PT\",\"@id\":\"https:\\\/\\\/www.civile.es\\\/pt-pt\\\/#\\\/schema\\\/logo\\\/image\\\/\",\"url\":\"https:\\\/\\\/www.civile.es\\\/wp-content\\\/uploads\\\/2023\\\/02\\\/LOGOTIPOS-CIVILE-con-lema.png\",\"contentUrl\":\"https:\\\/\\\/www.civile.es\\\/wp-content\\\/uploads\\\/2023\\\/02\\\/LOGOTIPOS-CIVILE-con-lema.png\",\"width\":400,\"height\":139,\"caption\":\"Civile Ingenier\u00eda, Consultor\u00eda y Formaci\u00f3n\"},\"image\":{\"@id\":\"https:\\\/\\\/www.civile.es\\\/pt-pt\\\/#\\\/schema\\\/logo\\\/image\\\/\"},\"sameAs\":[\"https:\\\/\\\/x.com\\\/civileicf\",\"https:\\\/\\\/www.linkedin.com\\\/company\\\/2911193\"]}]}<\/script>\n<!-- \/ Yoast SEO plugin. -->","yoast_head_json":{"title":"Aviso legal - Civile","robots":{"index":"noindex","follow":"follow"},"og_locale":"pt_PT","og_type":"article","og_title":"Aviso legal - Civile","og_description":"Introdu\u00e7\u00e3o. O objetivo do presente documento \u00e9 estabelecer e regular as regras de utiliza\u00e7\u00e3o do S\u00edtio. www.civile.es (doravante o \u201cSite\u201d), ou seja, todas as p\u00e1ginas e seus conte\u00fados de propriedade","og_url":"https:\/\/www.civile.es\/pt-pt\/aviso-legal\/","og_site_name":"Civile","twitter_card":"summary_large_image","twitter_site":"@civileicf","twitter_misc":{"Tempo estimado de leitura":"4 minutos"},"schema":{"@context":"https:\/\/schema.org","@graph":[{"@type":"WebPage","@id":"https:\/\/www.civile.es\/pt-pt\/aviso-legal\/","url":"https:\/\/www.civile.es\/pt-pt\/aviso-legal\/","name":"Aviso legal - Civile","isPartOf":{"@id":"https:\/\/www.civile.es\/pt-pt\/#website"},"datePublished":"2023-06-15T08:12:17+00:00","breadcrumb":{"@id":"https:\/\/www.civile.es\/pt-pt\/aviso-legal\/#breadcrumb"},"inLanguage":"pt-PT","potentialAction":[{"@type":"ReadAction","target":["https:\/\/www.civile.es\/pt-pt\/aviso-legal\/"]}]},{"@type":"BreadcrumbList","@id":"https:\/\/www.civile.es\/pt-pt\/aviso-legal\/#breadcrumb","itemListElement":[{"@type":"ListItem","position":1,"name":"Portada","item":"https:\/\/www.civile.es\/pt-pt\/casa\/"},{"@type":"ListItem","position":2,"name":"Aviso legal"}]},{"@type":"WebSite","@id":"https:\/\/www.civile.es\/pt-pt\/#website","url":"https:\/\/www.civile.es\/pt-pt\/","name":"Civile Ingenier\u00eda, Consultor\u00eda y Formaci\u00f3n","description":"Civile","publisher":{"@id":"https:\/\/www.civile.es\/pt-pt\/#organization"},"potentialAction":[{"@type":"SearchAction","target":{"@type":"EntryPoint","urlTemplate":"https:\/\/www.civile.es\/pt-pt\/?s={search_term_string}"},"query-input":{"@type":"PropertyValueSpecification","valueRequired":true,"valueName":"search_term_string"}}],"inLanguage":"pt-PT"},{"@type":"Organization","@id":"https:\/\/www.civile.es\/pt-pt\/#organization","name":"Civile Ingenier\u00eda, Consultor\u00eda y Formaci\u00f3n","url":"https:\/\/www.civile.es\/pt-pt\/","logo":{"@type":"ImageObject","inLanguage":"pt-PT","@id":"https:\/\/www.civile.es\/pt-pt\/#\/schema\/logo\/image\/","url":"https:\/\/www.civile.es\/wp-content\/uploads\/2023\/02\/LOGOTIPOS-CIVILE-con-lema.png","contentUrl":"https:\/\/www.civile.es\/wp-content\/uploads\/2023\/02\/LOGOTIPOS-CIVILE-con-lema.png","width":400,"height":139,"caption":"Civile Ingenier\u00eda, Consultor\u00eda y Formaci\u00f3n"},"image":{"@id":"https:\/\/www.civile.es\/pt-pt\/#\/schema\/logo\/image\/"},"sameAs":["https:\/\/x.com\/civileicf","https:\/\/www.linkedin.com\/company\/2911193"]}]}},"_links":{"self":[{"href":"https:\/\/www.civile.es\/pt-pt\/wp-json\/wp\/v2\/pages\/7777","targetHints":{"allow":["GET"]}}],"collection":[{"href":"https:\/\/www.civile.es\/pt-pt\/wp-json\/wp\/v2\/pages"}],"about":[{"href":"https:\/\/www.civile.es\/pt-pt\/wp-json\/wp\/v2\/types\/page"}],"author":[{"embeddable":true,"href":"https:\/\/www.civile.es\/pt-pt\/wp-json\/wp\/v2\/users\/6"}],"replies":[{"embeddable":true,"href":"https:\/\/www.civile.es\/pt-pt\/wp-json\/wp\/v2\/comments?post=7777"}],"version-history":[{"count":0,"href":"https:\/\/www.civile.es\/pt-pt\/wp-json\/wp\/v2\/pages\/7777\/revisions"}],"wp:attachment":[{"href":"https:\/\/www.civile.es\/pt-pt\/wp-json\/wp\/v2\/media?parent=7777"}],"curies":[{"name":"wp","href":"https:\/\/api.w.org\/{rel}","templated":true}]}}