{"id":7761,"date":"2023-09-07T16:56:05","date_gmt":"2023-09-07T16:56:05","guid":{"rendered":"https:\/\/www.civile.es\/beneficiario-do-fundo-europeu-de-desenvolvimento-regional\/"},"modified":"2025-05-23T07:22:46","modified_gmt":"2025-05-23T07:22:46","slug":"beneficiario-do-fundo-europeu-de-desenvolvimento-regional","status":"publish","type":"page","link":"https:\/\/www.civile.es\/pt-pt\/beneficiario-do-fundo-europeu-de-desenvolvimento-regional\/","title":{"rendered":"Benefici\u00e1rio do Fundo Europeu de Desenvolvimento Regional"},"content":{"rendered":"<div class=\"wp-block-image\">\n<figure class=\"aligncenter size-full\"><img loading=\"lazy\" decoding=\"async\" width=\"612\" height=\"533\" src=\"https:\/\/www.civile.es\/wp-content\/uploads\/2023\/09\/logo1.png\" alt=\"\" class=\"wp-image-7185\" srcset=\"https:\/\/www.civile.es\/wp-content\/uploads\/2023\/09\/logo1.png 612w, https:\/\/www.civile.es\/wp-content\/uploads\/2023\/09\/logo1-300x261.png 300w\" sizes=\"auto, (max-width: 612px) 100vw, 612px\" \/><\/figure>\n<\/div><div class=\"wp-block-image\">\n<figure class=\"aligncenter size-full\"><img loading=\"lazy\" decoding=\"async\" width=\"645\" height=\"214\" src=\"https:\/\/www.civile.es\/wp-content\/uploads\/2023\/09\/logo2.png\" alt=\"\" class=\"wp-image-7186\" srcset=\"https:\/\/www.civile.es\/wp-content\/uploads\/2023\/09\/logo2.png 645w, https:\/\/www.civile.es\/wp-content\/uploads\/2023\/09\/logo2-300x100.png 300w\" sizes=\"auto, (max-width: 645px) 100vw, 645px\" \/><\/figure>\n<\/div>\n<div style=\"height:100px\" aria-hidden=\"true\" class=\"wp-block-spacer\"><\/div>\n\n<p class=\"has-text-align-center\"><strong>A Civile foi benefici\u00e1ria do Fundo Europeu de Desenvolvimento Regional cujo objetivo \u00e9 melhorar a utiliza\u00e7\u00e3o e a qualidade das tecnologias da informa\u00e7\u00e3o e da comunica\u00e7\u00e3o e o acesso \u00e0s mesmas e gra\u00e7as ao qual conseguiu com a implementa\u00e7\u00e3o do projeto [descri\u00e7\u00e3o da opera\u00e7\u00e3o] melhorar a competitividade e a produtividade da empresa. Esta a\u00e7\u00e3o teve lugar durante o exerc\u00edcio de 2023. Para o efeito, contou com o apoio do Programa de Ciberseguran\u00e7a da C\u00e2mara Oficial de Com\u00e9rcio, Ind\u00fastria, Servi\u00e7os e Navega\u00e7\u00e3o de Sevilha.  <\/strong><strong><\/strong><\/p>\n\n<div style=\"height:100px\" aria-hidden=\"true\" class=\"wp-block-spacer\"><\/div>\n<div class=\"wp-block-image\">\n<figure class=\"aligncenter size-full\"><img loading=\"lazy\" decoding=\"async\" width=\"891\" height=\"66\" src=\"https:\/\/www.civile.es\/wp-content\/uploads\/2023\/09\/logo3.png\" alt=\"\" class=\"wp-image-7187\" srcset=\"https:\/\/www.civile.es\/wp-content\/uploads\/2023\/09\/logo3.png 891w, https:\/\/www.civile.es\/wp-content\/uploads\/2023\/09\/logo3-300x22.png 300w, https:\/\/www.civile.es\/wp-content\/uploads\/2023\/09\/logo3-768x57.png 768w\" sizes=\"auto, (max-width: 891px) 100vw, 891px\" \/><\/figure>\n<\/div>","protected":false},"excerpt":{"rendered":"<p>A Civile foi benefici\u00e1ria do Fundo Europeu de Desenvolvimento Regional cujo objetivo \u00e9 melhorar a utiliza\u00e7\u00e3o e a qualidade das tecnologias da informa\u00e7\u00e3o e da comunica\u00e7\u00e3o e o acesso \u00e0s<\/p>\n","protected":false},"author":6,"featured_media":0,"parent":0,"menu_order":0,"comment_status":"closed","ping_status":"closed","template":"","meta":{"footnotes":""},"class_list":["post-7761","page","type-page","status-publish","hentry"],"yoast_head":"<!-- This site is optimized with the Yoast SEO plugin v27.4 - https:\/\/yoast.com\/product\/yoast-seo-wordpress\/ -->\n<title>Benefici\u00e1rio do Fundo Europeu de Desenvolvimento Regional - Civile<\/title>\n<meta name=\"robots\" content=\"index, follow, max-snippet:-1, max-image-preview:large, max-video-preview:-1\" \/>\n<link rel=\"canonical\" href=\"https:\/\/www.civile.es\/pt-pt\/beneficiario-do-fundo-europeu-de-desenvolvimento-regional\/\" \/>\n<meta property=\"og:locale\" content=\"pt_PT\" \/>\n<meta property=\"og:type\" content=\"article\" \/>\n<meta property=\"og:title\" content=\"Benefici\u00e1rio do Fundo Europeu de Desenvolvimento Regional - Civile\" \/>\n<meta property=\"og:description\" content=\"A Civile foi benefici\u00e1ria do Fundo Europeu de Desenvolvimento Regional cujo objetivo \u00e9 melhorar a utiliza\u00e7\u00e3o e a qualidade das tecnologias da informa\u00e7\u00e3o e da comunica\u00e7\u00e3o e o acesso \u00e0s\" \/>\n<meta property=\"og:url\" content=\"https:\/\/www.civile.es\/pt-pt\/beneficiario-do-fundo-europeu-de-desenvolvimento-regional\/\" \/>\n<meta property=\"og:site_name\" content=\"Civile\" \/>\n<meta property=\"article:modified_time\" content=\"2025-05-23T07:22:46+00:00\" \/>\n<meta property=\"og:image\" content=\"https:\/\/www.civile.es\/wp-content\/uploads\/2023\/09\/logo1.png\" \/>\n\t<meta property=\"og:image:width\" content=\"612\" \/>\n\t<meta property=\"og:image:height\" content=\"533\" \/>\n\t<meta property=\"og:image:type\" content=\"image\/png\" \/>\n<meta name=\"twitter:card\" content=\"summary_large_image\" \/>\n<meta name=\"twitter:site\" content=\"@civileicf\" \/>\n<script type=\"application\/ld+json\" class=\"yoast-schema-graph\">{\"@context\":\"https:\\\/\\\/schema.org\",\"@graph\":[{\"@type\":\"WebPage\",\"@id\":\"https:\\\/\\\/www.civile.es\\\/pt-pt\\\/beneficiario-do-fundo-europeu-de-desenvolvimento-regional\\\/\",\"url\":\"https:\\\/\\\/www.civile.es\\\/pt-pt\\\/beneficiario-do-fundo-europeu-de-desenvolvimento-regional\\\/\",\"name\":\"Benefici\u00e1rio do Fundo Europeu de Desenvolvimento Regional - Civile\",\"isPartOf\":{\"@id\":\"https:\\\/\\\/www.civile.es\\\/pt-pt\\\/#website\"},\"primaryImageOfPage\":{\"@id\":\"https:\\\/\\\/www.civile.es\\\/pt-pt\\\/beneficiario-do-fundo-europeu-de-desenvolvimento-regional\\\/#primaryimage\"},\"image\":{\"@id\":\"https:\\\/\\\/www.civile.es\\\/pt-pt\\\/beneficiario-do-fundo-europeu-de-desenvolvimento-regional\\\/#primaryimage\"},\"thumbnailUrl\":\"https:\\\/\\\/www.civile.es\\\/wp-content\\\/uploads\\\/2023\\\/09\\\/logo1.png\",\"datePublished\":\"2023-09-07T16:56:05+00:00\",\"dateModified\":\"2025-05-23T07:22:46+00:00\",\"breadcrumb\":{\"@id\":\"https:\\\/\\\/www.civile.es\\\/pt-pt\\\/beneficiario-do-fundo-europeu-de-desenvolvimento-regional\\\/#breadcrumb\"},\"inLanguage\":\"pt-PT\",\"potentialAction\":[{\"@type\":\"ReadAction\",\"target\":[\"https:\\\/\\\/www.civile.es\\\/pt-pt\\\/beneficiario-do-fundo-europeu-de-desenvolvimento-regional\\\/\"]}]},{\"@type\":\"ImageObject\",\"inLanguage\":\"pt-PT\",\"@id\":\"https:\\\/\\\/www.civile.es\\\/pt-pt\\\/beneficiario-do-fundo-europeu-de-desenvolvimento-regional\\\/#primaryimage\",\"url\":\"https:\\\/\\\/www.civile.es\\\/wp-content\\\/uploads\\\/2023\\\/09\\\/logo1.png\",\"contentUrl\":\"https:\\\/\\\/www.civile.es\\\/wp-content\\\/uploads\\\/2023\\\/09\\\/logo1.png\"},{\"@type\":\"BreadcrumbList\",\"@id\":\"https:\\\/\\\/www.civile.es\\\/pt-pt\\\/beneficiario-do-fundo-europeu-de-desenvolvimento-regional\\\/#breadcrumb\",\"itemListElement\":[{\"@type\":\"ListItem\",\"position\":1,\"name\":\"Portada\",\"item\":\"https:\\\/\\\/www.civile.es\\\/pt-pt\\\/casa\\\/\"},{\"@type\":\"ListItem\",\"position\":2,\"name\":\"Benefici\u00e1rio do Fundo Europeu de Desenvolvimento Regional\"}]},{\"@type\":\"WebSite\",\"@id\":\"https:\\\/\\\/www.civile.es\\\/pt-pt\\\/#website\",\"url\":\"https:\\\/\\\/www.civile.es\\\/pt-pt\\\/\",\"name\":\"Civile Ingenier\u00eda, Consultor\u00eda y Formaci\u00f3n\",\"description\":\"Civile\",\"publisher\":{\"@id\":\"https:\\\/\\\/www.civile.es\\\/pt-pt\\\/#organization\"},\"potentialAction\":[{\"@type\":\"SearchAction\",\"target\":{\"@type\":\"EntryPoint\",\"urlTemplate\":\"https:\\\/\\\/www.civile.es\\\/pt-pt\\\/?s={search_term_string}\"},\"query-input\":{\"@type\":\"PropertyValueSpecification\",\"valueRequired\":true,\"valueName\":\"search_term_string\"}}],\"inLanguage\":\"pt-PT\"},{\"@type\":\"Organization\",\"@id\":\"https:\\\/\\\/www.civile.es\\\/pt-pt\\\/#organization\",\"name\":\"Civile Ingenier\u00eda, Consultor\u00eda y Formaci\u00f3n\",\"url\":\"https:\\\/\\\/www.civile.es\\\/pt-pt\\\/\",\"logo\":{\"@type\":\"ImageObject\",\"inLanguage\":\"pt-PT\",\"@id\":\"https:\\\/\\\/www.civile.es\\\/pt-pt\\\/#\\\/schema\\\/logo\\\/image\\\/\",\"url\":\"https:\\\/\\\/www.civile.es\\\/wp-content\\\/uploads\\\/2023\\\/02\\\/LOGOTIPOS-CIVILE-con-lema.png\",\"contentUrl\":\"https:\\\/\\\/www.civile.es\\\/wp-content\\\/uploads\\\/2023\\\/02\\\/LOGOTIPOS-CIVILE-con-lema.png\",\"width\":400,\"height\":139,\"caption\":\"Civile Ingenier\u00eda, Consultor\u00eda y Formaci\u00f3n\"},\"image\":{\"@id\":\"https:\\\/\\\/www.civile.es\\\/pt-pt\\\/#\\\/schema\\\/logo\\\/image\\\/\"},\"sameAs\":[\"https:\\\/\\\/x.com\\\/civileicf\",\"https:\\\/\\\/www.linkedin.com\\\/company\\\/2911193\"]}]}<\/script>\n<!-- \/ Yoast SEO plugin. -->","yoast_head_json":{"title":"Benefici\u00e1rio do Fundo Europeu de Desenvolvimento Regional - Civile","robots":{"index":"index","follow":"follow","max-snippet":"max-snippet:-1","max-image-preview":"max-image-preview:large","max-video-preview":"max-video-preview:-1"},"canonical":"https:\/\/www.civile.es\/pt-pt\/beneficiario-do-fundo-europeu-de-desenvolvimento-regional\/","og_locale":"pt_PT","og_type":"article","og_title":"Benefici\u00e1rio do Fundo Europeu de Desenvolvimento Regional - Civile","og_description":"A Civile foi benefici\u00e1ria do Fundo Europeu de Desenvolvimento Regional cujo objetivo \u00e9 melhorar a utiliza\u00e7\u00e3o e a qualidade das tecnologias da informa\u00e7\u00e3o e da comunica\u00e7\u00e3o e o acesso \u00e0s","og_url":"https:\/\/www.civile.es\/pt-pt\/beneficiario-do-fundo-europeu-de-desenvolvimento-regional\/","og_site_name":"Civile","article_modified_time":"2025-05-23T07:22:46+00:00","og_image":[{"width":612,"height":533,"url":"https:\/\/www.civile.es\/wp-content\/uploads\/2023\/09\/logo1.png","type":"image\/png"}],"twitter_card":"summary_large_image","twitter_site":"@civileicf","schema":{"@context":"https:\/\/schema.org","@graph":[{"@type":"WebPage","@id":"https:\/\/www.civile.es\/pt-pt\/beneficiario-do-fundo-europeu-de-desenvolvimento-regional\/","url":"https:\/\/www.civile.es\/pt-pt\/beneficiario-do-fundo-europeu-de-desenvolvimento-regional\/","name":"Benefici\u00e1rio do Fundo Europeu de Desenvolvimento Regional - Civile","isPartOf":{"@id":"https:\/\/www.civile.es\/pt-pt\/#website"},"primaryImageOfPage":{"@id":"https:\/\/www.civile.es\/pt-pt\/beneficiario-do-fundo-europeu-de-desenvolvimento-regional\/#primaryimage"},"image":{"@id":"https:\/\/www.civile.es\/pt-pt\/beneficiario-do-fundo-europeu-de-desenvolvimento-regional\/#primaryimage"},"thumbnailUrl":"https:\/\/www.civile.es\/wp-content\/uploads\/2023\/09\/logo1.png","datePublished":"2023-09-07T16:56:05+00:00","dateModified":"2025-05-23T07:22:46+00:00","breadcrumb":{"@id":"https:\/\/www.civile.es\/pt-pt\/beneficiario-do-fundo-europeu-de-desenvolvimento-regional\/#breadcrumb"},"inLanguage":"pt-PT","potentialAction":[{"@type":"ReadAction","target":["https:\/\/www.civile.es\/pt-pt\/beneficiario-do-fundo-europeu-de-desenvolvimento-regional\/"]}]},{"@type":"ImageObject","inLanguage":"pt-PT","@id":"https:\/\/www.civile.es\/pt-pt\/beneficiario-do-fundo-europeu-de-desenvolvimento-regional\/#primaryimage","url":"https:\/\/www.civile.es\/wp-content\/uploads\/2023\/09\/logo1.png","contentUrl":"https:\/\/www.civile.es\/wp-content\/uploads\/2023\/09\/logo1.png"},{"@type":"BreadcrumbList","@id":"https:\/\/www.civile.es\/pt-pt\/beneficiario-do-fundo-europeu-de-desenvolvimento-regional\/#breadcrumb","itemListElement":[{"@type":"ListItem","position":1,"name":"Portada","item":"https:\/\/www.civile.es\/pt-pt\/casa\/"},{"@type":"ListItem","position":2,"name":"Benefici\u00e1rio do Fundo Europeu de Desenvolvimento Regional"}]},{"@type":"WebSite","@id":"https:\/\/www.civile.es\/pt-pt\/#website","url":"https:\/\/www.civile.es\/pt-pt\/","name":"Civile Ingenier\u00eda, Consultor\u00eda y Formaci\u00f3n","description":"Civile","publisher":{"@id":"https:\/\/www.civile.es\/pt-pt\/#organization"},"potentialAction":[{"@type":"SearchAction","target":{"@type":"EntryPoint","urlTemplate":"https:\/\/www.civile.es\/pt-pt\/?s={search_term_string}"},"query-input":{"@type":"PropertyValueSpecification","valueRequired":true,"valueName":"search_term_string"}}],"inLanguage":"pt-PT"},{"@type":"Organization","@id":"https:\/\/www.civile.es\/pt-pt\/#organization","name":"Civile Ingenier\u00eda, Consultor\u00eda y Formaci\u00f3n","url":"https:\/\/www.civile.es\/pt-pt\/","logo":{"@type":"ImageObject","inLanguage":"pt-PT","@id":"https:\/\/www.civile.es\/pt-pt\/#\/schema\/logo\/image\/","url":"https:\/\/www.civile.es\/wp-content\/uploads\/2023\/02\/LOGOTIPOS-CIVILE-con-lema.png","contentUrl":"https:\/\/www.civile.es\/wp-content\/uploads\/2023\/02\/LOGOTIPOS-CIVILE-con-lema.png","width":400,"height":139,"caption":"Civile Ingenier\u00eda, Consultor\u00eda y Formaci\u00f3n"},"image":{"@id":"https:\/\/www.civile.es\/pt-pt\/#\/schema\/logo\/image\/"},"sameAs":["https:\/\/x.com\/civileicf","https:\/\/www.linkedin.com\/company\/2911193"]}]}},"_links":{"self":[{"href":"https:\/\/www.civile.es\/pt-pt\/wp-json\/wp\/v2\/pages\/7761","targetHints":{"allow":["GET"]}}],"collection":[{"href":"https:\/\/www.civile.es\/pt-pt\/wp-json\/wp\/v2\/pages"}],"about":[{"href":"https:\/\/www.civile.es\/pt-pt\/wp-json\/wp\/v2\/types\/page"}],"author":[{"embeddable":true,"href":"https:\/\/www.civile.es\/pt-pt\/wp-json\/wp\/v2\/users\/6"}],"replies":[{"embeddable":true,"href":"https:\/\/www.civile.es\/pt-pt\/wp-json\/wp\/v2\/comments?post=7761"}],"version-history":[{"count":1,"href":"https:\/\/www.civile.es\/pt-pt\/wp-json\/wp\/v2\/pages\/7761\/revisions"}],"predecessor-version":[{"id":7764,"href":"https:\/\/www.civile.es\/pt-pt\/wp-json\/wp\/v2\/pages\/7761\/revisions\/7764"}],"wp:attachment":[{"href":"https:\/\/www.civile.es\/pt-pt\/wp-json\/wp\/v2\/media?parent=7761"}],"curies":[{"name":"wp","href":"https:\/\/api.w.org\/{rel}","templated":true}]}}